{"id":216,"date":"2026-01-08T09:14:49","date_gmt":"2026-01-08T09:14:49","guid":{"rendered":"http:\/\/sucheao.cluster021.hosting.ovh.net\/?page_id=216"},"modified":"2026-04-01T08:05:20","modified_gmt":"2026-04-01T08:05:20","slug":"modeliser-une-supply-chain-2","status":"publish","type":"page","link":"https:\/\/such-easy.fr\/index.php\/modeliser-une-supply-chain-2\/","title":{"rendered":"Modeliser une Supply Chain !"},"content":{"rendered":"\n<div class=\"wp-block-group alignfull has-global-padding is-layout-constrained wp-block-group-is-layout-constrained\" style=\"margin-top:0;margin-bottom:0\">\n<div class=\"wp-block-columns alignfull is-layout-flex wp-container-core-columns-is-layout-9c22b1e3 wp-block-columns-is-layout-flex\">\n<div class=\"wp-block-column has-global-padding is-layout-constrained wp-block-column-is-layout-constrained\" style=\"flex-basis:55%\">\n<h6 class=\"wp-block-heading\"><\/h6>\n\n\n\n<p><\/p>\n\n\n\n<p><\/p>\n\n\n\n<div class=\"wp-block-group has-global-padding is-layout-constrained wp-block-group-is-layout-constrained\">\n<figure class=\"wp-block-gallery has-nested-images columns-default is-cropped wp-block-gallery-1 is-layout-flex wp-block-gallery-is-layout-flex\">\n<figure class=\"wp-block-image size-full is-style-rounded\"><img loading=\"lazy\" decoding=\"async\" width=\"1536\" height=\"1536\" data-id=\"125\" src=\"http:\/\/sucheao.cluster021.hosting.ovh.net\/wp-content\/uploads\/2026\/01\/Image-PNG-13.png\" alt=\"\" class=\"wp-image-125\" srcset=\"https:\/\/such-easy.fr\/wp-content\/uploads\/2026\/01\/Image-PNG-13.png 1536w, https:\/\/such-easy.fr\/wp-content\/uploads\/2026\/01\/Image-PNG-13-300x300.png 300w, https:\/\/such-easy.fr\/wp-content\/uploads\/2026\/01\/Image-PNG-13-1024x1024.png 1024w, https:\/\/such-easy.fr\/wp-content\/uploads\/2026\/01\/Image-PNG-13-150x150.png 150w, https:\/\/such-easy.fr\/wp-content\/uploads\/2026\/01\/Image-PNG-13-768x768.png 768w, https:\/\/such-easy.fr\/wp-content\/uploads\/2026\/01\/Image-PNG-13-600x600.png 600w, https:\/\/such-easy.fr\/wp-content\/uploads\/2026\/01\/Image-PNG-13-100x100.png 100w\" sizes=\"auto, (max-width: 1536px) 100vw, 1536px\" \/><\/figure>\n<\/figure>\n<\/div>\n<\/div>\n\n\n\n<div class=\"wp-block-column is-vertically-aligned-center is-layout-flow wp-block-column-is-layout-flow\" style=\"padding-top:var(--wp--preset--spacing--60);padding-right:var(--wp--preset--spacing--60);padding-bottom:var(--wp--preset--spacing--60);padding-left:var(--wp--preset--spacing--60)\">\n<p class=\"has-large-font-size\">Inspir\u00e9 du c\u00e9l\u00e8bre Beer Game, ce jeu permet de mod\u00e9liser la chaine d&#8217;approvisionnement d&#8217;une Supply Chain.<\/p>\n\n\n\n<p class=\"has-large-font-size\">Prenez la main sur l&#8217;ensemble des param\u00e8tres et inventez des Supply Chain :<\/p>\n\n\n\n<ul class=\"wp-block-list\">\n<li class=\"has-large-font-size\">le nombre d&#8217;acteurs <\/li>\n\n\n\n<li class=\"has-large-font-size\">le sc\u00e9nario de consommation et sa dur\u00e9e<\/li>\n\n\n\n<li class=\"has-large-font-size\">les principaux co\u00fbts<\/li>\n\n\n\n<li class=\"has-large-font-size\">le d\u00e9lai pour jouer<\/li>\n\n\n\n<li class=\"has-large-font-size\">les impacts des premiers tours<\/li>\n\n\n\n<li class=\"has-large-font-size\">la langue<\/li>\n<\/ul>\n\n\n\n<p class=\"has-large-font-size\">Vous pouvez m\u00eame mettre en pause les parties pour red\u00e9finir les conditions de jeu.<\/p>\n\n\n\n<p class=\"has-large-font-size\">Laissez libre cours \u00e0 votre imagination, construisez et testez des mod\u00e8les r\u00e9siliants!<\/p>\n<\/div>\n<\/div>\n<\/div>\n\n\n\n<div class=\"wp-block-group alignfull has-global-padding is-layout-constrained wp-block-group-is-layout-constrained\" style=\"margin-top:0;margin-bottom:0;padding-top:var(--wp--preset--spacing--50);padding-bottom:var(--wp--preset--spacing--50)\">\n<div class=\"wp-block-columns alignwide is-layout-flex wp-container-core-columns-is-layout-fa584acd wp-block-columns-is-layout-flex\">\n<div class=\"wp-block-column is-vertically-aligned-center is-layout-flow wp-block-column-is-layout-flow\">\n<h2 class=\"wp-block-heading has-xx-large-font-size\">Le jeu est \u00e0 vous !<\/h2>\n\n\n\n<p class=\"has-large-font-size\">Une interface d&#8217;administration tr\u00e8s intuitive vous permet de prendre le contr\u00f4le sur les param\u00e8tres essentiels du jeu.<\/p>\n\n\n\n<p class=\"has-large-font-size\">De fa\u00e7on simple et intuitive vous pouvez cr\u00e9er jusqu&#8217;\u00e0 50 parties (qui peuvent \u00eatre jou\u00e9es simultan\u00e9ment).<\/p>\n\n\n\n<p class=\"has-large-font-size\">Imaginez des sc\u00e9narios et les organisations en r\u00e9ponse. Jouez puis t\u00e9l\u00e9chargez (au format CSV) les diff\u00e9rents comportements des acteurs pour les analyser.<\/p>\n\n\n\n<p><\/p>\n<\/div>\n\n\n\n<div class=\"wp-block-column is-vertically-aligned-center is-layout-flow wp-block-column-is-layout-flow\">\n<p>Illustrations de certains param\u00e9trages<\/p>\n\n\n\n<div class=\"wp-block-jetpack-slideshow aligncenter\" data-autoplay=\"true\" data-delay=\"3\" data-effect=\"slide\" style=\"--aspect-ratio:calc(1024 \/ 794)\"><div class=\"wp-block-jetpack-slideshow_container swiper\"><ul class=\"wp-block-jetpack-slideshow_swiper-wrapper swiper-wrapper\"><li class=\"wp-block-jetpack-slideshow_slide swiper-slide\"><figure><img loading=\"lazy\" decoding=\"async\" width=\"1024\" height=\"794\" alt=\"\" class=\"wp-block-jetpack-slideshow_image wp-image-253\" data-id=\"253\" data-aspect-ratio=\"1024 \/ 794\" src=\"http:\/\/sucheao.cluster021.hosting.ovh.net\/wp-content\/uploads\/2026\/01\/12D-69527200-7-3966AB00-1024x794.png\" srcset=\"https:\/\/such-easy.fr\/wp-content\/uploads\/2026\/01\/12D-69527200-7-3966AB00-1024x794.png 1024w, https:\/\/such-easy.fr\/wp-content\/uploads\/2026\/01\/12D-69527200-7-3966AB00-300x233.png 300w, https:\/\/such-easy.fr\/wp-content\/uploads\/2026\/01\/12D-69527200-7-3966AB00-768x595.png 768w, https:\/\/such-easy.fr\/wp-content\/uploads\/2026\/01\/12D-69527200-7-3966AB00-1536x1191.png 1536w, https:\/\/such-easy.fr\/wp-content\/uploads\/2026\/01\/12D-69527200-7-3966AB00-600x465.png 600w, https:\/\/such-easy.fr\/wp-content\/uploads\/2026\/01\/12D-69527200-7-3966AB00.png 1558w\" sizes=\"(max-width: 1024px) 100vw, 1024px\" \/><\/figure><\/li><li class=\"wp-block-jetpack-slideshow_slide swiper-slide\"><figure><img loading=\"lazy\" decoding=\"async\" width=\"1024\" height=\"927\" alt=\"\" class=\"wp-block-jetpack-slideshow_image wp-image-255\" data-id=\"255\" data-aspect-ratio=\"1024 \/ 927\" src=\"http:\/\/sucheao.cluster021.hosting.ovh.net\/wp-content\/uploads\/2026\/01\/12D-69527200-D-3966AB00-1024x927.png\" srcset=\"https:\/\/such-easy.fr\/wp-content\/uploads\/2026\/01\/12D-69527200-D-3966AB00-1024x927.png 1024w, https:\/\/such-easy.fr\/wp-content\/uploads\/2026\/01\/12D-69527200-D-3966AB00-300x272.png 300w, https:\/\/such-easy.fr\/wp-content\/uploads\/2026\/01\/12D-69527200-D-3966AB00-768x695.png 768w, https:\/\/such-easy.fr\/wp-content\/uploads\/2026\/01\/12D-69527200-D-3966AB00-600x543.png 600w, https:\/\/such-easy.fr\/wp-content\/uploads\/2026\/01\/12D-69527200-D-3966AB00.png 1446w\" sizes=\"(max-width: 1024px) 100vw, 1024px\" \/><\/figure><\/li><li class=\"wp-block-jetpack-slideshow_slide swiper-slide\"><figure><img loading=\"lazy\" decoding=\"async\" width=\"1024\" height=\"927\" alt=\"\" class=\"wp-block-jetpack-slideshow_image wp-image-256\" data-id=\"256\" data-aspect-ratio=\"1024 \/ 927\" src=\"http:\/\/sucheao.cluster021.hosting.ovh.net\/wp-content\/uploads\/2026\/01\/12D-69527200-F-3966AB00-1024x927.png\" srcset=\"https:\/\/such-easy.fr\/wp-content\/uploads\/2026\/01\/12D-69527200-F-3966AB00-1024x927.png 1024w, https:\/\/such-easy.fr\/wp-content\/uploads\/2026\/01\/12D-69527200-F-3966AB00-300x272.png 300w, https:\/\/such-easy.fr\/wp-content\/uploads\/2026\/01\/12D-69527200-F-3966AB00-768x695.png 768w, https:\/\/such-easy.fr\/wp-content\/uploads\/2026\/01\/12D-69527200-F-3966AB00-600x543.png 600w, https:\/\/such-easy.fr\/wp-content\/uploads\/2026\/01\/12D-69527200-F-3966AB00.png 1446w\" sizes=\"(max-width: 1024px) 100vw, 1024px\" \/><\/figure><\/li><li class=\"wp-block-jetpack-slideshow_slide swiper-slide\"><figure><img loading=\"lazy\" decoding=\"async\" width=\"1024\" height=\"927\" alt=\"\" class=\"wp-block-jetpack-slideshow_image wp-image-257\" data-id=\"257\" data-aspect-ratio=\"1024 \/ 927\" src=\"http:\/\/sucheao.cluster021.hosting.ovh.net\/wp-content\/uploads\/2026\/01\/image-1-1024x927.png\" srcset=\"https:\/\/such-easy.fr\/wp-content\/uploads\/2026\/01\/image-1-1024x927.png 1024w, https:\/\/such-easy.fr\/wp-content\/uploads\/2026\/01\/image-1-300x272.png 300w, https:\/\/such-easy.fr\/wp-content\/uploads\/2026\/01\/image-1-768x695.png 768w, https:\/\/such-easy.fr\/wp-content\/uploads\/2026\/01\/image-1-600x543.png 600w, https:\/\/such-easy.fr\/wp-content\/uploads\/2026\/01\/image-1.png 1446w\" sizes=\"(max-width: 1024px) 100vw, 1024px\" \/><\/figure><\/li><li class=\"wp-block-jetpack-slideshow_slide swiper-slide\"><figure><img loading=\"lazy\" decoding=\"async\" width=\"1024\" height=\"927\" alt=\"\" class=\"wp-block-jetpack-slideshow_image wp-image-258\" data-id=\"258\" data-aspect-ratio=\"1024 \/ 927\" src=\"http:\/\/sucheao.cluster021.hosting.ovh.net\/wp-content\/uploads\/2026\/01\/12D-69527200-13-3966AB00-1024x927.png\" srcset=\"https:\/\/such-easy.fr\/wp-content\/uploads\/2026\/01\/12D-69527200-13-3966AB00-1024x927.png 1024w, https:\/\/such-easy.fr\/wp-content\/uploads\/2026\/01\/12D-69527200-13-3966AB00-300x272.png 300w, https:\/\/such-easy.fr\/wp-content\/uploads\/2026\/01\/12D-69527200-13-3966AB00-768x695.png 768w, https:\/\/such-easy.fr\/wp-content\/uploads\/2026\/01\/12D-69527200-13-3966AB00-600x543.png 600w, https:\/\/such-easy.fr\/wp-content\/uploads\/2026\/01\/12D-69527200-13-3966AB00.png 1446w\" sizes=\"(max-width: 1024px) 100vw, 1024px\" \/><\/figure><\/li><li class=\"wp-block-jetpack-slideshow_slide swiper-slide\"><figure><img loading=\"lazy\" decoding=\"async\" width=\"1024\" height=\"927\" alt=\"\" class=\"wp-block-jetpack-slideshow_image wp-image-259\" data-id=\"259\" data-aspect-ratio=\"1024 \/ 927\" src=\"http:\/\/sucheao.cluster021.hosting.ovh.net\/wp-content\/uploads\/2026\/01\/12D-69527200-17-3966AB00-1024x927.png\" srcset=\"https:\/\/such-easy.fr\/wp-content\/uploads\/2026\/01\/12D-69527200-17-3966AB00-1024x927.png 1024w, https:\/\/such-easy.fr\/wp-content\/uploads\/2026\/01\/12D-69527200-17-3966AB00-300x272.png 300w, https:\/\/such-easy.fr\/wp-content\/uploads\/2026\/01\/12D-69527200-17-3966AB00-768x695.png 768w, https:\/\/such-easy.fr\/wp-content\/uploads\/2026\/01\/12D-69527200-17-3966AB00-600x543.png 600w, https:\/\/such-easy.fr\/wp-content\/uploads\/2026\/01\/12D-69527200-17-3966AB00.png 1446w\" sizes=\"(max-width: 1024px) 100vw, 1024px\" \/><\/figure><\/li><li class=\"wp-block-jetpack-slideshow_slide swiper-slide\"><figure><img loading=\"lazy\" decoding=\"async\" width=\"1024\" height=\"570\" alt=\"\" class=\"wp-block-jetpack-slideshow_image wp-image-260\" data-id=\"260\" data-aspect-ratio=\"1024 \/ 570\" src=\"http:\/\/sucheao.cluster021.hosting.ovh.net\/wp-content\/uploads\/2026\/01\/12E-695EA200-9-66C5DE00-1024x570.png\" srcset=\"https:\/\/such-easy.fr\/wp-content\/uploads\/2026\/01\/12E-695EA200-9-66C5DE00-1024x570.png 1024w, https:\/\/such-easy.fr\/wp-content\/uploads\/2026\/01\/12E-695EA200-9-66C5DE00-300x167.png 300w, https:\/\/such-easy.fr\/wp-content\/uploads\/2026\/01\/12E-695EA200-9-66C5DE00-768x428.png 768w, https:\/\/such-easy.fr\/wp-content\/uploads\/2026\/01\/12E-695EA200-9-66C5DE00-600x334.png 600w, https:\/\/such-easy.fr\/wp-content\/uploads\/2026\/01\/12E-695EA200-9-66C5DE00.png 1458w\" sizes=\"(max-width: 1024px) 100vw, 1024px\" \/><figcaption class=\"wp-block-jetpack-slideshow_caption gallery-caption\">Editez vos carte de connexion<\/figcaption><\/figure><\/li><\/ul><a class=\"wp-block-jetpack-slideshow_button-prev swiper-button-prev swiper-button-white\" role=\"button\"><\/a><a class=\"wp-block-jetpack-slideshow_button-next swiper-button-next swiper-button-white\" role=\"button\"><\/a><a aria-label=\"Pause Slideshow\" class=\"wp-block-jetpack-slideshow_button-pause\" role=\"button\"><\/a><div class=\"wp-block-jetpack-slideshow_pagination swiper-pagination swiper-pagination-white\"><\/div><\/div><\/div>\n<\/div>\n<\/div>\n<\/div>\n\n\n\n<div class=\"wp-block-buttons alignwide is-content-justification-center is-layout-flex wp-container-core-buttons-is-layout-a89b3969 wp-block-buttons-is-layout-flex\">\n<div class=\"wp-block-button\"><a class=\"wp-block-button__link wp-element-button\">Commander !<\/a><\/div>\n<\/div>\n\n\n\n<p><\/p>\n","protected":false},"excerpt":{"rendered":"<p>Inspir\u00e9 du c\u00e9l\u00e8bre Beer Game, ce jeu permet de mod\u00e9liser la chaine d&#8217;approvisionnement d&#8217;une Supply Chain. Prenez la main sur l&#8217;ensemble des param\u00e8tres et inventez des Supply Chain : Vous pouvez m\u00eame mettre en pause les parties pour red\u00e9finir les conditions de jeu. Laissez libre cours \u00e0 votre imagination, construisez et testez des mod\u00e8les r\u00e9siliants! [&hellip;]<\/p>\n","protected":false},"author":1,"featured_media":0,"parent":0,"menu_order":0,"comment_status":"closed","ping_status":"closed","template":"","meta":{"footnotes":""},"class_list":["post-216","page","type-page","status-publish","hentry"],"jetpack_sharing_enabled":true,"_links":{"self":[{"href":"https:\/\/such-easy.fr\/index.php\/wp-json\/wp\/v2\/pages\/216","targetHints":{"allow":["GET"]}}],"collection":[{"href":"https:\/\/such-easy.fr\/index.php\/wp-json\/wp\/v2\/pages"}],"about":[{"href":"https:\/\/such-easy.fr\/index.php\/wp-json\/wp\/v2\/types\/page"}],"author":[{"embeddable":true,"href":"https:\/\/such-easy.fr\/index.php\/wp-json\/wp\/v2\/users\/1"}],"replies":[{"embeddable":true,"href":"https:\/\/such-easy.fr\/index.php\/wp-json\/wp\/v2\/comments?post=216"}],"version-history":[{"count":7,"href":"https:\/\/such-easy.fr\/index.php\/wp-json\/wp\/v2\/pages\/216\/revisions"}],"predecessor-version":[{"id":311,"href":"https:\/\/such-easy.fr\/index.php\/wp-json\/wp\/v2\/pages\/216\/revisions\/311"}],"wp:attachment":[{"href":"https:\/\/such-easy.fr\/index.php\/wp-json\/wp\/v2\/media?parent=216"}],"curies":[{"name":"wp","href":"https:\/\/api.w.org\/{rel}","templated":true}]}}