{"id":2,"date":"2025-10-15T15:39:43","date_gmt":"2025-10-15T15:39:43","guid":{"rendered":"http:\/\/sucheao.cluster021.hosting.ovh.net\/?page_id=2"},"modified":"2026-03-30T08:53:04","modified_gmt":"2026-03-30T08:53:04","slug":"sample-page","status":"publish","type":"page","link":"https:\/\/such-easy.fr\/index.php\/sample-page\/","title":{"rendered":"Qui sommes nous ?"},"content":{"rendered":"\n<div class=\"wp-block-columns is-layout-flex wp-container-core-columns-is-layout-28f84493 wp-block-columns-is-layout-flex\">\n<div class=\"wp-block-column has-global-padding is-content-justification-left is-layout-constrained wp-container-core-column-is-layout-12dd3699 wp-block-column-is-layout-constrained\">\n<p class=\"is-style-default\" style=\"margin-top:0;margin-right:0;margin-bottom:0;margin-left:0\">Avec en moyenne plus de 35 ann\u00e9es d&#8217;exp\u00e9riences dans les diff\u00e9rents domaines et secteurs d&#8217;activit\u00e9s de la Supply Chain, nos experts ont mis dans ces Serious Game toutes leurs comp\u00e9tences m\u00e9tiers et savoir faire p\u00e9dagogique.<\/p>\n\n\n\n<p>Nous nous sommes organis\u00e9s autour d&#8217;un collectif dont le chef de projet pour ces Serious Game est Jean-Luc BOIVIN.<\/p>\n\n\n\n<p>Il est votre interlocuteur pour toutes les questions que vous pourriez vous poser : animation \/ fonctionnement, objectifs \u00e9ducatifs, gestion administrative&#8230;<\/p>\n<\/div>\n\n\n\n<div class=\"wp-block-column is-layout-flow wp-block-column-is-layout-flow\">\n<p>Mini CV du chef de projet :<\/p>\n\n\n\n<h2 class=\"wp-block-heading\">Jean-Luc BOIVIN<\/h2>\n\n\n\n<figure class=\"wp-block-image size-large is-resized\"><img loading=\"lazy\" decoding=\"async\" width=\"859\" height=\"1024\" src=\"http:\/\/sucheao.cluster021.hosting.ovh.net\/wp-content\/uploads\/2026\/01\/JLB_2018-859x1024.jpg\" alt=\"\" class=\"wp-image-290\" style=\"width:184px;height:auto\" srcset=\"https:\/\/such-easy.fr\/wp-content\/uploads\/2026\/01\/JLB_2018-859x1024.jpg 859w, https:\/\/such-easy.fr\/wp-content\/uploads\/2026\/01\/JLB_2018-252x300.jpg 252w, https:\/\/such-easy.fr\/wp-content\/uploads\/2026\/01\/JLB_2018-768x915.jpg 768w, https:\/\/such-easy.fr\/wp-content\/uploads\/2026\/01\/JLB_2018-1289x1536.jpg 1289w, https:\/\/such-easy.fr\/wp-content\/uploads\/2026\/01\/JLB_2018-600x715.jpg 600w, https:\/\/such-easy.fr\/wp-content\/uploads\/2026\/01\/JLB_2018.jpg 1400w\" sizes=\"auto, (max-width: 859px) 100vw, 859px\" \/><\/figure>\n\n\n\n<p>30 ann\u00e9es d&#8217;exp\u00e9riences professionnelles \u00e0 des postes de direction Logistique et Supply Chain dans les secteurs de l&#8217;industrie automobile (RENAULT \/ PSA), grande distribution (Syst\u00e9me U \/ Eram) et 12 ann\u00e9es en tant que dirigeant d&#8217;un cabinet de conseil et formation (SUCH FACILITY \/ LOGAGIL).<\/p>\n<\/div>\n<\/div>\n\n\n\n<p>N&#8217;h\u00e9sitez pas \u00e0 le contacter :<\/p>\n\n\n<div class=\"wp-block-jetpack-contact-form is-vertical is-content-justification-left is-nowrap is-layout-flex wp-container-jetpack-contact-form-is-layout-e17988f4 wp-block-jetpack-contact-form-is-layout-flex\"><a href=\"https:\/\/such-easy.fr\/index.php\/sample-page\/\" target=\"_blank\" rel=\"noopener noreferrer\">Soumettre un formulaire.<\/a><\/div>","protected":false},"excerpt":{"rendered":"<p>Avec en moyenne plus de 35 ann\u00e9es d&#8217;exp\u00e9riences dans les diff\u00e9rents domaines et secteurs d&#8217;activit\u00e9s de la Supply Chain, nos experts ont mis dans ces Serious Game toutes leurs comp\u00e9tences m\u00e9tiers et savoir faire p\u00e9dagogique. Nous nous sommes organis\u00e9s autour d&#8217;un collectif dont le chef de projet pour ces Serious Game est Jean-Luc BOIVIN. Il [&hellip;]<\/p>\n","protected":false},"author":1,"featured_media":0,"parent":0,"menu_order":0,"comment_status":"closed","ping_status":"open","template":"","meta":{"footnotes":""},"class_list":["post-2","page","type-page","status-publish","hentry"],"jetpack_sharing_enabled":true,"_links":{"self":[{"href":"https:\/\/such-easy.fr\/index.php\/wp-json\/wp\/v2\/pages\/2","targetHints":{"allow":["GET"]}}],"collection":[{"href":"https:\/\/such-easy.fr\/index.php\/wp-json\/wp\/v2\/pages"}],"about":[{"href":"https:\/\/such-easy.fr\/index.php\/wp-json\/wp\/v2\/types\/page"}],"author":[{"embeddable":true,"href":"https:\/\/such-easy.fr\/index.php\/wp-json\/wp\/v2\/users\/1"}],"replies":[{"embeddable":true,"href":"https:\/\/such-easy.fr\/index.php\/wp-json\/wp\/v2\/comments?post=2"}],"version-history":[{"count":8,"href":"https:\/\/such-easy.fr\/index.php\/wp-json\/wp\/v2\/pages\/2\/revisions"}],"predecessor-version":[{"id":308,"href":"https:\/\/such-easy.fr\/index.php\/wp-json\/wp\/v2\/pages\/2\/revisions\/308"}],"wp:attachment":[{"href":"https:\/\/such-easy.fr\/index.php\/wp-json\/wp\/v2\/media?parent=2"}],"curies":[{"name":"wp","href":"https:\/\/api.w.org\/{rel}","templated":true}]}}