{"id":169,"date":"2026-01-05T11:15:04","date_gmt":"2026-01-05T11:15:04","guid":{"rendered":"http:\/\/sucheao.cluster021.hosting.ovh.net\/?page_id=169"},"modified":"2026-04-01T08:04:26","modified_gmt":"2026-04-01T08:04:26","slug":"play-full-supply-chain","status":"publish","type":"page","link":"https:\/\/such-easy.fr\/index.php\/play-full-supply-chain\/","title":{"rendered":"Concevoir un Sch\u00e9ma Directeur Supply Chain !"},"content":{"rendered":"\n<div class=\"wp-block-group alignfull has-global-padding is-layout-constrained wp-block-group-is-layout-constrained\" style=\"margin-top:0;margin-bottom:0\">\n<div class=\"wp-block-columns alignfull is-layout-flex wp-container-core-columns-is-layout-9c22b1e3 wp-block-columns-is-layout-flex\">\n<div class=\"wp-block-column is-layout-flow wp-block-column-is-layout-flow\" style=\"flex-basis:55%\">\n<h6 class=\"wp-block-heading\"><\/h6>\n\n\n\n<p><\/p>\n\n\n\n<p><\/p>\n\n\n\n<div class=\"wp-block-group has-global-padding is-layout-constrained wp-block-group-is-layout-constrained\">\n<figure class=\"wp-block-image aligncenter is-resized\"><img loading=\"lazy\" decoding=\"async\" width=\"399\" height=\"310\" src=\"http:\/\/sucheao.cluster021.hosting.ovh.net\/wp-content\/uploads\/2026\/01\/Capture-decran-2026-01-01-a-18.48.13.png\" alt=\"\" class=\"wp-image-79\" style=\"width:645px;height:auto\" srcset=\"https:\/\/such-easy.fr\/wp-content\/uploads\/2026\/01\/Capture-decran-2026-01-01-a-18.48.13.png 399w, https:\/\/such-easy.fr\/wp-content\/uploads\/2026\/01\/Capture-decran-2026-01-01-a-18.48.13-300x233.png 300w\" sizes=\"auto, (max-width: 399px) 100vw, 399px\" \/><\/figure>\n<\/div>\n<\/div>\n\n\n\n<div class=\"wp-block-column is-vertically-aligned-center is-layout-flow wp-block-column-is-layout-flow\" style=\"padding-top:var(--wp--preset--spacing--60);padding-right:var(--wp--preset--spacing--60);padding-bottom:var(--wp--preset--spacing--60);padding-left:var(--wp--preset--spacing--60)\">\n<p>Vous prenez le r\u00f4le d&#8217;un consultant Supply Chain au sein d&#8217;une \u00e9quipe et votre responsable vous demande de r\u00e9aliser un Sch\u00e9ma Directeur Supply Chain pour une entreprise cliente du cabinet conseil. Pour vous permettre de r\u00e9aliser cet exercice votre responsable vous confie 3 documents :<\/p>\n\n\n\n<p>1 &#8211; un fichier Excel permettant de r\u00e9aliser les 10 \u00e9tapes de construction du SDSC <\/p>\n\n\n\n<p>2 &#8211; un fichier Excel avec les data de l&#8217;entreprise et un Escape Game pour d\u00e9couvrir 12 indicateurs SC<\/p>\n\n\n\n<p>3 &#8211; un guide complet qui vous explique tout le fonctionnement du Serious Game et un support p\u00e9dagogique<\/p>\n\n\n\n<p>Le Serious Game peut se joueur seul ou en \u00e9quipe (conseil : 3 joueurs maxi).<\/p>\n\n\n\n<p>Nous vous proposons une option d&#8217;accompagnement : un de nos experts intervient en Visio 1h00 avant chaque d\u00e9but de session. Il peut ainsi r\u00e9pondre \u00e0 toutes les questions des groupes et orienter le jeu.<\/p>\n\n\n\n<p>Une FAQ est aussi disponible pour aider les joueurs.<\/p>\n<\/div>\n<\/div>\n<\/div>\n\n\n\n<div class=\"wp-block-group alignfull has-global-padding is-layout-constrained wp-block-group-is-layout-constrained\" style=\"margin-top:0;margin-bottom:0;padding-top:var(--wp--preset--spacing--50);padding-bottom:var(--wp--preset--spacing--50)\">\n<div class=\"wp-block-columns alignwide is-layout-flex wp-container-core-columns-is-layout-fa584acd wp-block-columns-is-layout-flex\">\n<div class=\"wp-block-column is-vertically-aligned-center is-layout-flow wp-block-column-is-layout-flow\">\n<h2 class=\"wp-block-heading has-xx-large-font-size\">En 14h00, r\u00e9alisez les 10 \u00e9tapes :<\/h2>\n\n\n\n<p class=\"has-medium-font-size\">1 &#8211; Prenez connaissance des informations de l&#8217;entreprise et r\u00e9alisez une cartographie macroscopique des flux (45 mn)<\/p>\n\n\n\n<p class=\"has-medium-font-size\">2 &#8211; Trouvez les indicateurs phares de la Supply Chain en r\u00e9pondant \u00e0 un Escape Game<\/p>\n\n\n\n<p class=\"has-medium-font-size\">3 &#8211; Analysez les indicateurs <\/p>\n\n\n\n<p class=\"has-medium-font-size\">4 &#8211; A l&#8217;aide de 3 outils, s\u00e9lectionnez le &#8220;meilleur&#8221; sc\u00e9nario pour les flux internationaux amonts et avals<\/p>\n\n\n\n<p class=\"has-medium-font-size\">5 &#8211; Choisissez l&#8217;organisation de pr\u00e9paration de commandes qui convient le mieux pour servir vos clients<\/p>\n\n\n\n<p class=\"has-medium-font-size\">6 &#8211; S\u00e9lectionnez les outils de manutentions et de stockages qui semblent les plus pertinents<\/p>\n\n\n\n<p class=\"has-medium-font-size\">7 &#8211; Choisissez le plan d&#8217;implantation de l&#8217;entrep\u00f4t qui permettra la r\u00e9alisation logistique la plus efficiente<\/p>\n\n\n\n<p class=\"has-medium-font-size\">8 &#8211; Calculez le nombre de collaborateurs pour r\u00e9aliser les op\u00e9rations logistiques dans l&#8217;entrep\u00f4t<\/p>\n\n\n\n<p class=\"has-medium-font-size\">9 &#8211; Calculez le budget annuel de la Supply Chain pour ce nouveau Sch\u00e9ma Directeur Supply Chain<\/p>\n\n\n\n<p class=\"has-medium-font-size\">10 &#8211; Proposez une organisation Supply Chain avec la r\u00e9partition des diff\u00e9rentes fonctions<\/p>\n\n\n\n<p class=\"has-medium-font-size\">11 &#8211; Obtenez une \u00e9valuation de votre travail en fonction des objectifs fix\u00e9s<\/p>\n\n\n\n<p><\/p>\n<\/div>\n\n\n\n<div class=\"wp-block-column is-vertically-aligned-center is-layout-flow wp-block-column-is-layout-flow\">\n<p>Illustrations des fichiers Excel<\/p>\n\n\n\n<div class=\"wp-block-jetpack-slideshow aligncenter\" data-autoplay=\"true\" data-delay=\"3\" data-effect=\"slide\" style=\"--aspect-ratio:calc(1024 \/ 721)\"><div class=\"wp-block-jetpack-slideshow_container swiper\"><ul class=\"wp-block-jetpack-slideshow_swiper-wrapper swiper-wrapper\"><li class=\"wp-block-jetpack-slideshow_slide swiper-slide\"><figure><img loading=\"lazy\" decoding=\"async\" width=\"1024\" height=\"721\" alt=\"\" class=\"wp-block-jetpack-slideshow_image wp-image-152\" data-id=\"152\" data-aspect-ratio=\"1024 \/ 721\" src=\"http:\/\/sucheao.cluster021.hosting.ovh.net\/wp-content\/uploads\/2026\/01\/ETAPE-1-2-1024x721.png\" srcset=\"https:\/\/such-easy.fr\/wp-content\/uploads\/2026\/01\/ETAPE-1-2-1024x721.png 1024w, https:\/\/such-easy.fr\/wp-content\/uploads\/2026\/01\/ETAPE-1-2-300x211.png 300w, https:\/\/such-easy.fr\/wp-content\/uploads\/2026\/01\/ETAPE-1-2-768x541.png 768w, https:\/\/such-easy.fr\/wp-content\/uploads\/2026\/01\/ETAPE-1-2-600x423.png 600w, https:\/\/such-easy.fr\/wp-content\/uploads\/2026\/01\/ETAPE-1-2.png 1312w\" sizes=\"(max-width: 1024px) 100vw, 1024px\" \/><figcaption class=\"wp-block-jetpack-slideshow_caption gallery-caption\">Cartographier<\/figcaption><\/figure><\/li><li class=\"wp-block-jetpack-slideshow_slide swiper-slide\"><figure><img loading=\"lazy\" decoding=\"async\" width=\"1109\" height=\"1018\" alt=\"\" class=\"wp-block-jetpack-slideshow_image wp-image-148\" data-id=\"148\" data-aspect-ratio=\"1109 \/ 1018\" src=\"http:\/\/sucheao.cluster021.hosting.ovh.net\/wp-content\/uploads\/2026\/01\/ETAPE-2-1.png\"\/><\/figure><\/li><li class=\"wp-block-jetpack-slideshow_slide swiper-slide\"><figure><img loading=\"lazy\" decoding=\"async\" width=\"1024\" height=\"925\" alt=\"\" class=\"wp-block-jetpack-slideshow_image wp-image-149\" data-id=\"149\" data-aspect-ratio=\"1024 \/ 925\" src=\"http:\/\/sucheao.cluster021.hosting.ovh.net\/wp-content\/uploads\/2026\/01\/ETAPE-3-1-1024x925.png\" srcset=\"https:\/\/such-easy.fr\/wp-content\/uploads\/2026\/01\/ETAPE-3-1-1024x925.png 1024w, https:\/\/such-easy.fr\/wp-content\/uploads\/2026\/01\/ETAPE-3-1-300x271.png 300w, https:\/\/such-easy.fr\/wp-content\/uploads\/2026\/01\/ETAPE-3-1-768x694.png 768w, https:\/\/such-easy.fr\/wp-content\/uploads\/2026\/01\/ETAPE-3-1-600x542.png 600w, https:\/\/such-easy.fr\/wp-content\/uploads\/2026\/01\/ETAPE-3-1.png 1135w\" sizes=\"(max-width: 1024px) 100vw, 1024px\" \/><figcaption class=\"wp-block-jetpack-slideshow_caption gallery-caption\">Analyse DATA<\/figcaption><\/figure><\/li><li class=\"wp-block-jetpack-slideshow_slide swiper-slide\"><figure><img loading=\"lazy\" decoding=\"async\" width=\"1024\" height=\"872\" alt=\"\" class=\"wp-block-jetpack-slideshow_image wp-image-150\" data-id=\"150\" data-aspect-ratio=\"1024 \/ 872\" src=\"http:\/\/sucheao.cluster021.hosting.ovh.net\/wp-content\/uploads\/2026\/01\/ETAPE-4-1-1-1024x872.png\" srcset=\"https:\/\/such-easy.fr\/wp-content\/uploads\/2026\/01\/ETAPE-4-1-1-1024x872.png 1024w, https:\/\/such-easy.fr\/wp-content\/uploads\/2026\/01\/ETAPE-4-1-1-300x256.png 300w, https:\/\/such-easy.fr\/wp-content\/uploads\/2026\/01\/ETAPE-4-1-1-768x654.png 768w, https:\/\/such-easy.fr\/wp-content\/uploads\/2026\/01\/ETAPE-4-1-1-600x511.png 600w, https:\/\/such-easy.fr\/wp-content\/uploads\/2026\/01\/ETAPE-4-1-1.png 1208w\" sizes=\"(max-width: 1024px) 100vw, 1024px\" \/><figcaption class=\"wp-block-jetpack-slideshow_caption gallery-caption\">Flux Amont<\/figcaption><\/figure><\/li><li class=\"wp-block-jetpack-slideshow_slide swiper-slide\"><figure><img loading=\"lazy\" decoding=\"async\" width=\"1024\" height=\"664\" alt=\"\" class=\"wp-block-jetpack-slideshow_image wp-image-146\" data-id=\"146\" data-aspect-ratio=\"1024 \/ 664\" src=\"http:\/\/sucheao.cluster021.hosting.ovh.net\/wp-content\/uploads\/2026\/01\/ETAPE-4-3-1-1024x664.png\" srcset=\"https:\/\/such-easy.fr\/wp-content\/uploads\/2026\/01\/ETAPE-4-3-1-1024x664.png 1024w, https:\/\/such-easy.fr\/wp-content\/uploads\/2026\/01\/ETAPE-4-3-1-300x195.png 300w, https:\/\/such-easy.fr\/wp-content\/uploads\/2026\/01\/ETAPE-4-3-1-768x498.png 768w, https:\/\/such-easy.fr\/wp-content\/uploads\/2026\/01\/ETAPE-4-3-1-1536x996.png 1536w, https:\/\/such-easy.fr\/wp-content\/uploads\/2026\/01\/ETAPE-4-3-1.png 1570w\" sizes=\"(max-width: 1024px) 100vw, 1024px\" \/><\/figure><\/li><li class=\"wp-block-jetpack-slideshow_slide swiper-slide\"><figure><img loading=\"lazy\" decoding=\"async\" width=\"1024\" height=\"543\" alt=\"\" class=\"wp-block-jetpack-slideshow_image wp-image-145\" data-id=\"145\" data-aspect-ratio=\"1024 \/ 543\" src=\"http:\/\/sucheao.cluster021.hosting.ovh.net\/wp-content\/uploads\/2026\/01\/ETAPE-5-1-1024x543.png\" srcset=\"https:\/\/such-easy.fr\/wp-content\/uploads\/2026\/01\/ETAPE-5-1-1024x543.png 1024w, https:\/\/such-easy.fr\/wp-content\/uploads\/2026\/01\/ETAPE-5-1-300x159.png 300w, https:\/\/such-easy.fr\/wp-content\/uploads\/2026\/01\/ETAPE-5-1-768x407.png 768w, https:\/\/such-easy.fr\/wp-content\/uploads\/2026\/01\/ETAPE-5-1-600x318.png 600w, https:\/\/such-easy.fr\/wp-content\/uploads\/2026\/01\/ETAPE-5-1.png 1294w\" sizes=\"(max-width: 1024px) 100vw, 1024px\" \/><\/figure><\/li><li class=\"wp-block-jetpack-slideshow_slide swiper-slide\"><figure><img loading=\"lazy\" decoding=\"async\" width=\"1024\" height=\"782\" alt=\"\" class=\"wp-block-jetpack-slideshow_image wp-image-147\" data-id=\"147\" data-aspect-ratio=\"1024 \/ 782\" src=\"http:\/\/sucheao.cluster021.hosting.ovh.net\/wp-content\/uploads\/2026\/01\/ETAPE-4-2-1-1024x782.png\" srcset=\"https:\/\/such-easy.fr\/wp-content\/uploads\/2026\/01\/ETAPE-4-2-1-1024x782.png 1024w, https:\/\/such-easy.fr\/wp-content\/uploads\/2026\/01\/ETAPE-4-2-1-300x229.png 300w, https:\/\/such-easy.fr\/wp-content\/uploads\/2026\/01\/ETAPE-4-2-1-768x586.png 768w, https:\/\/such-easy.fr\/wp-content\/uploads\/2026\/01\/ETAPE-4-2-1-600x458.png 600w, https:\/\/such-easy.fr\/wp-content\/uploads\/2026\/01\/ETAPE-4-2-1.png 1353w\" sizes=\"(max-width: 1024px) 100vw, 1024px\" \/><figcaption class=\"wp-block-jetpack-slideshow_caption gallery-caption\">Barycentre<\/figcaption><\/figure><\/li><li class=\"wp-block-jetpack-slideshow_slide swiper-slide\"><figure><img loading=\"lazy\" decoding=\"async\" width=\"1024\" height=\"432\" alt=\"\" class=\"wp-block-jetpack-slideshow_image wp-image-144\" data-id=\"144\" data-aspect-ratio=\"1024 \/ 432\" src=\"http:\/\/sucheao.cluster021.hosting.ovh.net\/wp-content\/uploads\/2026\/01\/ETAPE-6-1024x432.png\" srcset=\"https:\/\/such-easy.fr\/wp-content\/uploads\/2026\/01\/ETAPE-6-1024x432.png 1024w, https:\/\/such-easy.fr\/wp-content\/uploads\/2026\/01\/ETAPE-6-300x126.png 300w, https:\/\/such-easy.fr\/wp-content\/uploads\/2026\/01\/ETAPE-6-768x324.png 768w, https:\/\/such-easy.fr\/wp-content\/uploads\/2026\/01\/ETAPE-6-1536x647.png 1536w, https:\/\/such-easy.fr\/wp-content\/uploads\/2026\/01\/ETAPE-6.png 1713w\" sizes=\"(max-width: 1024px) 100vw, 1024px\" \/><\/figure><\/li><li class=\"wp-block-jetpack-slideshow_slide swiper-slide\"><figure><img loading=\"lazy\" decoding=\"async\" width=\"807\" height=\"950\" alt=\"\" class=\"wp-block-jetpack-slideshow_image wp-image-140\" data-id=\"140\" data-aspect-ratio=\"807 \/ 950\" src=\"http:\/\/sucheao.cluster021.hosting.ovh.net\/wp-content\/uploads\/2026\/01\/ETAPE-9-1.png\"\/><\/figure><\/li><li class=\"wp-block-jetpack-slideshow_slide swiper-slide\"><figure><img loading=\"lazy\" decoding=\"async\" width=\"1024\" height=\"501\" alt=\"\" class=\"wp-block-jetpack-slideshow_image wp-image-141\" data-id=\"141\" data-aspect-ratio=\"1024 \/ 501\" src=\"http:\/\/sucheao.cluster021.hosting.ovh.net\/wp-content\/uploads\/2026\/01\/ETAPE-10-1-1024x501.png\" srcset=\"https:\/\/such-easy.fr\/wp-content\/uploads\/2026\/01\/ETAPE-10-1-1024x501.png 1024w, https:\/\/such-easy.fr\/wp-content\/uploads\/2026\/01\/ETAPE-10-1-300x147.png 300w, https:\/\/such-easy.fr\/wp-content\/uploads\/2026\/01\/ETAPE-10-1-768x376.png 768w, https:\/\/such-easy.fr\/wp-content\/uploads\/2026\/01\/ETAPE-10-1-600x294.png 600w, https:\/\/such-easy.fr\/wp-content\/uploads\/2026\/01\/ETAPE-10-1.png 1353w\" sizes=\"(max-width: 1024px) 100vw, 1024px\" \/><figcaption class=\"wp-block-jetpack-slideshow_caption gallery-caption\">D\u00e9finir l&#8217;organisation SC<\/figcaption><\/figure><\/li><li class=\"wp-block-jetpack-slideshow_slide swiper-slide\"><figure><img loading=\"lazy\" decoding=\"async\" width=\"871\" height=\"801\" alt=\"\" class=\"wp-block-jetpack-slideshow_image wp-image-139\" data-id=\"139\" data-aspect-ratio=\"871 \/ 801\" src=\"http:\/\/sucheao.cluster021.hosting.ovh.net\/wp-content\/uploads\/2026\/01\/NOTATION-1.png\" srcset=\"https:\/\/such-easy.fr\/wp-content\/uploads\/2026\/01\/NOTATION-1.png 871w, https:\/\/such-easy.fr\/wp-content\/uploads\/2026\/01\/NOTATION-1-300x276.png 300w, https:\/\/such-easy.fr\/wp-content\/uploads\/2026\/01\/NOTATION-1-768x706.png 768w, https:\/\/such-easy.fr\/wp-content\/uploads\/2026\/01\/NOTATION-1-600x552.png 600w\" sizes=\"(max-width: 871px) 100vw, 871px\" \/><figcaption class=\"wp-block-jetpack-slideshow_caption gallery-caption\">Fiche notation fin de parcours<\/figcaption><\/figure><\/li><\/ul><a class=\"wp-block-jetpack-slideshow_button-prev swiper-button-prev swiper-button-white\" role=\"button\"><\/a><a class=\"wp-block-jetpack-slideshow_button-next swiper-button-next swiper-button-white\" role=\"button\"><\/a><a aria-label=\"Pause Slideshow\" class=\"wp-block-jetpack-slideshow_button-pause\" role=\"button\"><\/a><div class=\"wp-block-jetpack-slideshow_pagination swiper-pagination swiper-pagination-white\"><\/div><\/div><\/div>\n\n\n\n<p>Lorsque l&#8217;on appuie sur le bouton &#8220;Suivant&#8221; d&#8217;une \u00e9tape, elle passe en lecture seule et la nouvelle \u00e9tape apparait.<\/p>\n<\/div>\n<\/div>\n<\/div>\n\n\n\n<div class=\"wp-block-buttons alignwide is-content-justification-center is-layout-flex wp-container-core-buttons-is-layout-a89b3969 wp-block-buttons-is-layout-flex\">\n<div class=\"wp-block-button\"><a class=\"wp-block-button__link wp-element-button\">Commander !<\/a><\/div>\n<\/div>\n\n\n\n<p><\/p>\n","protected":false},"excerpt":{"rendered":"<p>Vous prenez le r\u00f4le d&#8217;un consultant Supply Chain au sein d&#8217;une \u00e9quipe et votre responsable vous demande de r\u00e9aliser un Sch\u00e9ma Directeur Supply Chain pour une entreprise cliente du cabinet conseil. Pour vous permettre de r\u00e9aliser cet exercice votre responsable vous confie 3 documents : 1 &#8211; un fichier Excel permettant de r\u00e9aliser les 10 [&hellip;]<\/p>\n","protected":false},"author":1,"featured_media":0,"parent":0,"menu_order":0,"comment_status":"closed","ping_status":"closed","template":"","meta":{"footnotes":""},"class_list":["post-169","page","type-page","status-publish","hentry"],"jetpack_sharing_enabled":true,"_links":{"self":[{"href":"https:\/\/such-easy.fr\/index.php\/wp-json\/wp\/v2\/pages\/169","targetHints":{"allow":["GET"]}}],"collection":[{"href":"https:\/\/such-easy.fr\/index.php\/wp-json\/wp\/v2\/pages"}],"about":[{"href":"https:\/\/such-easy.fr\/index.php\/wp-json\/wp\/v2\/types\/page"}],"author":[{"embeddable":true,"href":"https:\/\/such-easy.fr\/index.php\/wp-json\/wp\/v2\/users\/1"}],"replies":[{"embeddable":true,"href":"https:\/\/such-easy.fr\/index.php\/wp-json\/wp\/v2\/comments?post=169"}],"version-history":[{"count":13,"href":"https:\/\/such-easy.fr\/index.php\/wp-json\/wp\/v2\/pages\/169\/revisions"}],"predecessor-version":[{"id":318,"href":"https:\/\/such-easy.fr\/index.php\/wp-json\/wp\/v2\/pages\/169\/revisions\/318"}],"wp:attachment":[{"href":"https:\/\/such-easy.fr\/index.php\/wp-json\/wp\/v2\/media?parent=169"}],"curies":[{"name":"wp","href":"https:\/\/api.w.org\/{rel}","templated":true}]}}